{"id":3,"date":"2023-08-30T10:14:26","date_gmt":"2023-08-30T14:14:26","guid":{"rendered":"http:\/\/blackip360.com\/?page_id=3"},"modified":"2024-03-27T14:46:48","modified_gmt":"2024-03-27T18:46:48","slug":"politique-de-confidentialite","status":"publish","type":"page","link":"https:\/\/blackip360.com\/fr\/politique-de-confidentialite\/","title":{"rendered":"Politique de confidentialit\u00e9"},"content":{"rendered":"\n<h4 class=\"wp-block-heading\"><strong>Introduction&nbsp;<\/strong><\/h4>\n\n\n\n<p>Chez Les Solutions BlackiP360 Inc. nous accordons une grande importance \u00e0 votre vie priv\u00e9e et nous nous engageons \u00e0 prot\u00e9ger les Renseignements Personnels que nous recueillons.&nbsp;&nbsp;<\/p>\n\n\n\n<div style=\"height:20px\" aria-hidden=\"true\" class=\"wp-block-spacer\"><\/div>\n\n\n\n<h4 class=\"wp-block-heading\"><strong>Objectifs et application&nbsp;<\/strong><\/h4>\n\n\n\n<p>Le pr\u00e9sent document constitue notre Politique de confidentialit\u00e9, de protection des donn\u00e9es ainsi que l\u2019avis de confidentialit\u00e9 Web et d\u00e9crit la fa\u00e7on dont nous recueillons, utilisons et communiquons vos Renseignements Personnels.&nbsp;&nbsp;<\/p>\n\n\n\n<p>Cette politique s\u2019applique \u00e0 tout utilisateur du site Internet. En d\u00e9cidant de naviguer sur notre site, vous consentez \u00e0 la collecte et \u00e0 l\u2019utilisation de vos Renseignements Personnels, conform\u00e9ment \u00e0 la pr\u00e9sente politique et aux lois en vigueur en mati\u00e8re de Renseignements Personnels.&nbsp;<\/p>\n\n\n\n<div style=\"height:20px\" aria-hidden=\"true\" class=\"wp-block-spacer\"><\/div>\n\n\n\n<h4 class=\"wp-block-heading\"><strong>D\u00e9finitions&nbsp;<\/strong><\/h4>\n\n\n\n<p>Les d\u00e9finitions ci-dessous visent \u00e0 servir de guide afin de s\u2019assurer que tous aient la m\u00eame compr\u00e9hension des termes qui, autrement, pourraient laisser place \u00e0 l\u2019interpr\u00e9tation :&nbsp;<\/p>\n\n\n\n<div class=\"wp-block-group ps-4\"><div class=\"wp-block-group__inner-container is-layout-constrained wp-block-group-is-layout-constrained\">\n<p><strong>Site Internet&nbsp;&nbsp;<\/strong><\/p>\n\n\n\n<p>D\u00e9signe le site Internet de l\u2019entreprise qui renvoie \u00e0 la pr\u00e9sente Politique.<\/p>\n\n\n\n<p><strong>Incident de confidentialit\u00e9&nbsp;<\/strong><\/p>\n\n\n\n<p>La consultation, l\u2019utilisation ou la communication non autoris\u00e9e par la loi d\u2019un Renseignement Personnel ou la perte d\u2019un Renseignement Personnel ou toute autre atteinte \u00e0 la protection d\u2019un tel Renseignement.&nbsp;<\/p>\n\n\n\n<p>Un incident de confidentialit\u00e9 peut donc prendre plusieurs formes : intrusions par un tiers dans le syst\u00e8me informatique d\u2019une organisation, attaque par ran\u00e7ongiciel, perte de donn\u00e9es provoqu\u00e9e par un virus ou par une faille informatique, extraction de donn\u00e9es par un employ\u00e9 ou une personne non autoris\u00e9e, etc.&nbsp;<\/p>\n\n\n\n<p><strong>Renseignement personnel&nbsp;<\/strong><\/p>\n\n\n\n<p>Tout Renseignement qui concerne un individu et permet, directement ou indirectement, de l\u2019identifier, tel qu\u2019un nom, des donn\u00e9es de g\u00e9olocalisation, un identifiant de tra\u00e7age en ligne ou une ou plusieurs caract\u00e9ristiques particuli\u00e8res relatives \u00e0 l\u2019identit\u00e9 physique, physiologique, mentale, \u00e9conomique, culturelle ou sociale de cet individu.&nbsp;<\/p>\n<\/div><\/div>\n\n\n\n<div style=\"height:20px\" aria-hidden=\"true\" class=\"wp-block-spacer\"><\/div>\n\n\n\n<h4 class=\"wp-block-heading\"><strong>Comment nous utilisons les donn\u00e9es personnelles&nbsp;<\/strong><\/h4>\n\n\n\n<p>Les donn\u00e9es personnelles recueillies sur notre site seront utilis\u00e9es uniquement aux fins pr\u00e9cis\u00e9es dans la pr\u00e9sente politique ou indiqu\u00e9es sur les pages pertinentes de notre site. Nous n\u2019utiliserons pas vos donn\u00e9es au-del\u00e0 de ce que nous divulguerons.:&nbsp;<\/p>\n\n\n\n<ul class=\"wp-block-list\">\n<li>Pour des pr\u00e9sentations de services&nbsp;<\/li>\n\n\n\n<li>Pour des statistiques&nbsp;<\/li>\n\n\n\n<li>Pour atteindre nos objectifs commerciaux&nbsp;<\/li>\n\n\n\n<li>Pour vous envoyer des communications marketing&nbsp;<\/li>\n\n\n\n<li>Pour am\u00e9liorer nos diff\u00e9rents services&nbsp;<\/li>\n\n\n\n<li>Pour pr\u00e9venir tout incident et\/ou fraude en mati\u00e8re de cybers\u00e9curit\u00e9&nbsp;<\/li>\n<\/ul>\n\n\n\n<div style=\"height:20px\" aria-hidden=\"true\" class=\"wp-block-spacer\"><\/div>\n\n\n\n<h4 class=\"wp-block-heading\"><strong>Types de Renseignements que nous recueillons&nbsp;<\/strong><\/h4>\n\n\n\n<ul class=\"wp-block-list\">\n<li>Donn\u00e9es personnelles que nous collectons:&nbsp;<\/li>\n\n\n\n<li>Nom, adresse et num\u00e9ro de t\u00e9l\u00e9phone&nbsp;<\/li>\n\n\n\n<li>G\u00e9olocalisation&nbsp;<\/li>\n\n\n\n<li>Etc.&nbsp;<\/li>\n<\/ul>\n\n\n\n<div style=\"height:20px\" aria-hidden=\"true\" class=\"wp-block-spacer\"><\/div>\n\n\n\n<h4 class=\"wp-block-heading\"><strong>Donn\u00e9es collect\u00e9es automatiquement&nbsp;<\/strong><\/h4>\n\n\n\n<p>Lorsque vous visitez et utilisez notre site, nous pouvons automatiquement recueillir et conserver les renseignements suivants :&nbsp;<\/p>\n\n\n\n<ul class=\"wp-block-list\">\n<li>Adresse IP&nbsp;<\/li>\n\n\n\n<li>Les pages que vous visitez&nbsp;<\/li>\n\n\n\n<li>La date et l\u2019heure auxquelles vous acc\u00e9dez \u00e0 ces pages&nbsp;<\/li>\n\n\n\n<li>Lieu&nbsp;<\/li>\n\n\n\n<li>D\u00e9tails mat\u00e9riels et logiciels&nbsp;<\/li>\n\n\n\n<li>Liens un utilisateur clique tout en utilisant le site&nbsp;<\/li>\n\n\n\n<li>Contenu que l\u2019utilisateur consulte sur votre site&nbsp;<\/li>\n\n\n\n<li>Informations recueillies par Google Analytics ou autres outils de collection de donn\u00e9es WEB&nbsp;<\/li>\n<\/ul>\n\n\n\n<div style=\"height:20px\" aria-hidden=\"true\" class=\"wp-block-spacer\"><\/div>\n\n\n\n<h4 class=\"wp-block-heading\"><strong>Donn\u00e9es recueillies de fa\u00e7on non automatique&nbsp;<\/strong><\/h4>\n\n\n\n<p>Nous pouvons \u00e9galement collecter les donn\u00e9es suivantes lorsque vous effectuez certaines fonctions sur notre site :&nbsp;<\/p>\n\n\n\n<ul class=\"wp-block-list\">\n<li>Pr\u00e9nom et nom&nbsp;<\/li>\n\n\n\n<li>Email&nbsp;<\/li>\n\n\n\n<li>Num\u00e9ro de t\u00e9l\u00e9phone&nbsp;<\/li>\n\n\n\n<li>Donn\u00e9es de remplissage automatique&nbsp;<\/li>\n\n\n\n<li>Position&nbsp;<\/li>\n\n\n\n<li>Nom de compagnie&nbsp;<\/li>\n\n\n\n<li>R\u00e9ponses aux questionnaires&nbsp;<\/li>\n<\/ul>\n\n\n\n<p>Ces donn\u00e9es peuvent \u00eatre recueillies au moyen des m\u00e9thodes suivantes :&nbsp;<\/p>\n\n\n\n<ul class=\"wp-block-list\">\n<li>Enregistrement d\u2019un compte&nbsp;<\/li>\n\n\n\n<li>R\u00e9ponses aux questionnaires&nbsp;<\/li>\n\n\n\n<li>T\u00e9moins de navigation&nbsp;<\/li>\n<\/ul>\n\n\n\n<p>Veuillez noter que nous ne collectons que les donn\u00e9es qui nous aident \u00e0 atteindre l\u2019objectif \u00e9nonc\u00e9 dans cette politique de confidentialit\u00e9. Nous ne recueillerons pas de donn\u00e9es suppl\u00e9mentaires sans vous en informer au pr\u00e9alable.&nbsp;<\/p>\n\n\n\n<div style=\"height:20px\" aria-hidden=\"true\" class=\"wp-block-spacer\"><\/div>\n\n\n\n<h4 class=\"wp-block-heading\"><strong>Utilisation des cookies&nbsp;<\/strong><\/h4>\n\n\n\n<p>Sur notre site Internet, nous utilisons Google Analytics. Il s\u2019agit d\u2019un outil d\u2019analyse de la fr\u00e9quentation et de l\u2019utilisation de notre site Internet nous permettant d\u2019am\u00e9liorer l\u2019exp\u00e9rience offerte sur celui-ci et les outils qui s\u2019y trouvent. Google Analytics utilise des t\u00e9moins (cookies) qui analysent vos activit\u00e9s sur le site.&nbsp;&nbsp;<\/p>\n\n\n\n<p>Pour plus de d\u00e9tails sur la fa\u00e7on dont les Renseignements ou les donn\u00e9es collect\u00e9s sont utilis\u00e9s par Google, nous vous invitons \u00e0 consulter les R\u00e8gles de confidentialit\u00e9 et conditions d\u2019utilisation de Google. Vous pouvez \u00e9galement d\u00e9sactiver l\u2019envoi de vos donn\u00e9es d\u2019activit\u00e9 \u00e0 Google Analytics en installant le module compl\u00e9mentaire de navigateur pr\u00e9vu \u00e0 cet effet.&nbsp;<\/p>\n\n\n\n<h4 class=\"wp-block-heading\"><strong>Personnes \u00e0 qui nous pouvons communiquer vos Renseignements Personnels\u2009&nbsp;<\/strong><\/h4>\n\n\n\n<p>Nous pouvons communiquer vos Renseignements Personnels \u00e0 des tiers ou \u00e0 des prestataires de services pour les fins mentionn\u00e9es ci-dessus ou tel qu\u2019indiqu\u00e9 dans la pr\u00e9sente politique. Nous ne vendrons ni ne louerons vos Renseignements Personnels \u00e0 des tiers ni n\u2019\u00e9changerons les Renseignements Personnels avec des tiers. Toutefois, nous pouvons communiquer des Renseignements Personnels lorsque la loi le permet ou l\u2019exige.&nbsp;<\/p>\n\n\n\n<p>Les cat\u00e9gories de prestataires de services ayant acc\u00e8s \u00e0 vos Renseignements Personnels comprennent les prestataires de services engag\u00e9s pour :&nbsp;<\/p>\n\n\n\n<p>L\u2019assistance informatique&nbsp;<\/p>\n\n\n\n<p>L\u2019h\u00e9bergement du site internet&nbsp;<\/p>\n\n\n\n<p>Si vous souhaitez obtenir plus d\u2019informations sur nos prestataires de services, veuillez contacter le Responsable de la protection des Renseignements Personnels dont les coordonn\u00e9es sont inscrites ci-apr\u00e8s.&nbsp;<\/p>\n\n\n\n<div style=\"height:20px\" aria-hidden=\"true\" class=\"wp-block-spacer\"><\/div>\n\n\n\n<h4 class=\"wp-block-heading\"><strong>Protection de vos Renseignements Personnels&nbsp;<\/strong><\/h4>\n\n\n\n<p>Nous nous assurons de prendre toutes les mesures de s\u00e9curit\u00e9 n\u00e9cessaires pour prot\u00e9ger les Renseignements que nous recueillons et nous les conservons pour une dur\u00e9e qui respecte nos obligations l\u00e9gales et seulement pour les fins n\u00e9cessaires.&nbsp;&nbsp;<\/p>\n\n\n\n<p>Certaines situations sont hors de notre contr\u00f4le et un incident de cybers\u00e9curit\u00e9 impliquant une fuite de donn\u00e9es pourrait tout de m\u00eame survenir. En naviguant sur notre site Internet, vous consentez \u00e0 une telle possibilit\u00e9 et reconnaissez que nous ne pourrons \u00eatre tenus responsables des pr\u00e9judices qui pourraient d\u00e9couler en cas d\u2019incident.&nbsp;<\/p>\n\n\n\n<div style=\"height:20px\" aria-hidden=\"true\" class=\"wp-block-spacer\"><\/div>\n\n\n\n<h4 class=\"wp-block-heading\"><strong>Votre consentement&nbsp;<\/strong><\/h4>\n\n\n\n<p>Votre consentement peut \u00eatre expr\u00e8s ou implicite, selon les circonstances et la sensibilit\u00e9 des Renseignements Personnels en question. En g\u00e9n\u00e9ral, nous demandons votre consentement au moment de la cueillette et si nous voulons utiliser vos informations \u00e0 une fin pour laquelle vous n\u2019avez pas consenti au moment de la cueillette, nous l\u2019obtiendrons avant d\u2019utiliser vos Renseignements Personnels.&nbsp;&nbsp;<\/p>\n\n\n\n<p>En acceptant la pr\u00e9sente Politique, vous consentez \u00e0 la collecte de vos Renseignements Personnels par l\u2019entreprise. Vous comprenez \u00e9galement que vous pouvez en tout temps, sur demande, \u00eatre inform\u00e9 des Renseignements Personnels recueillis vous concernant, des cat\u00e9gories de personnes qui ont acc\u00e8s \u00e0 ces Renseignements au sein de l\u2019entreprise, de la dur\u00e9e de conservation de ces Renseignements, ainsi que des coordonn\u00e9es du Responsable de la protection des Renseignements Personnels, au besoin.&nbsp;<\/p>\n\n\n\n<div style=\"height:20px\" aria-hidden=\"true\" class=\"wp-block-spacer\"><\/div>\n\n\n\n<h4 class=\"wp-block-heading\"><strong>Combien de temps nous stockons les donn\u00e9es personnelles&nbsp;<\/strong><\/h4>\n\n\n\n<p>Lorsque les objectifs pour lesquels des informations personnelles ont \u00e9t\u00e9 collect\u00e9es ou utilis\u00e9es sont atteints, nous proc\u00e9derons \u00e0 la destruction ou \u00e0 l\u2019anonymisation de vos renseignements personnels, sous r\u00e9serve d\u2019un d\u00e9lai de conservation pr\u00e9vu par la loi.&nbsp;<\/p>\n\n\n\n<div style=\"height:20px\" aria-hidden=\"true\" class=\"wp-block-spacer\"><\/div>\n\n\n\n<h4 class=\"wp-block-heading\"><strong>Comment nous prot\u00e9geons vos donn\u00e9es personnelles&nbsp;<\/strong><\/h4>\n\n\n\n<p>Pour garantir la s\u00e9curit\u00e9 et la confidentialit\u00e9 des donn\u00e9es personnelles de nos utilisateurs, nous avons mis en place des mesures de s\u00e9curit\u00e9 de pointe. Ces mesures incluent un chiffrement SSL et des techniques de hachage de pointe pour s\u00e9curiser les transmissions de donn\u00e9es, ainsi que des pare-feux et des protocoles de s\u00e9curit\u00e9 pour prot\u00e9ger contre tout acc\u00e8s non autoris\u00e9. Toutes les donn\u00e9es stock\u00e9es dans notre syst\u00e8me b\u00e9n\u00e9ficient d\u2019une protection rigoureuse et ne sont accessibles qu\u2019en interne.&nbsp;<\/p>\n\n\n\n<p>Alors que nous prenons toutes les pr\u00e9cautions raisonnables pour nous assurer que nos donn\u00e9es d\u2019utilisateur sont s\u00e9curis\u00e9es et que les utilisateurs sont prot\u00e9g\u00e9s, il reste toujours du risque de pr\u00e9judice. L\u2019Internet en sa totalit\u00e9 peut \u00eatre, parfois, peu s\u00fbr et donc nous sommes incapables de garantir la s\u00e9curit\u00e9 des donn\u00e9es des utilisateurs au-del\u00e0 de ce qui est raisonnablement pratique.&nbsp;<\/p>\n\n\n\n<div style=\"height:20px\" aria-hidden=\"true\" class=\"wp-block-spacer\"><\/div>\n\n\n\n<h4 class=\"wp-block-heading\"><strong>Vos droits sur vos Renseignements Personnels&nbsp;<\/strong><\/h4>\n\n\n\n<p>En tout temps, vous pouvez faire une demande au Responsable de la protection des Renseignements Personnels afin :&nbsp;<\/p>\n\n\n\n<p>D\u2019avoir acc\u00e8s aux Renseignements Personnels que nous avons recueillie sur vous&nbsp;<\/p>\n\n\n\n<p>De retirer votre consentement \u00e0 la cueillette, \u00e0 la communication et \u00e0 la conservation de vos Renseignements Personnels&nbsp;<\/p>\n\n\n\n<p>De nous demander de quelle fa\u00e7on vos donn\u00e9es personnelles ont \u00e9t\u00e9 collect\u00e9es par l\u2019entreprise&nbsp;<\/p>\n\n\n\n<p>Dans certains cas, nous pouvons refuser de vous fournir les Renseignements Personnels demand\u00e9s ou nous pouvons caviarder (noircir) certaines informations des documents que nous vous fournissons.&nbsp;<\/p>\n\n\n\n<div style=\"height:20px\" aria-hidden=\"true\" class=\"wp-block-spacer\"><\/div>\n\n\n\n<h4 class=\"wp-block-heading\"><strong>Responsable de la protection des Renseignements Personnels&nbsp;<\/strong><\/h4>\n\n\n\n<p>Pour toute demande d\u2019acc\u00e8s, questions, demande d\u2019informations ou pour signaler un incident, nous vous invitons \u00e0 contacter le Responsable de la protection des Renseignements Personnels, M. Martin de Tonnacourt, aux coordonn\u00e9es suivantes :&nbsp;<\/p>\n\n\n\n<p>Adresse postale : 2706, rue Michelin, Laval (Qu\u00e9bec) H7L 5Y1, \u00e0 l\u2019attention du Responsable de la protection des Renseignements Personnels&nbsp;<\/p>\n\n\n\n<p>T\u00e9l\u00e9phone : <a href=\"tel:1-450-686-1113\">1-450-686-1113<\/a>&nbsp;<\/p>\n\n\n\n<p>Courriel : <a href=\"mailto:RP@blackip360.com\">RP@blackip360.com<\/a>&nbsp;<\/p>\n\n\n\n<p>Une fois votre demande envoy\u00e9e, nous vous r\u00e9pondrons au plus tard 30 jours \u00e0 compter de la date de r\u00e9ception de votre demande aux coordonn\u00e9es indiqu\u00e9es ci-dessus.&nbsp;<\/p>\n\n\n\n<div style=\"height:20px\" aria-hidden=\"true\" class=\"wp-block-spacer\"><\/div>\n\n\n\n<h4 class=\"wp-block-heading\"><strong>Modifications&nbsp;<\/strong><\/h4>\n\n\n\n<p>Nous nous r\u00e9servons le droit de modifier cette politique lorsque requis. Lorsque nous apportons des modifications \u00e0 cette politique, elles prennent effet imm\u00e9diatement.&nbsp;<\/p>\n","protected":false},"excerpt":{"rendered":"<p>Introduction&nbsp; Chez Les Solutions BlackiP360 Inc. nous accordons une grande importance \u00e0 votre vie priv\u00e9e et nous nous engageons \u00e0 prot\u00e9ger les Renseignements Personnels que nous recueillons.&nbsp;&nbsp; Objectifs et application&nbsp; Le pr\u00e9sent document constitue notre Politique de confidentialit\u00e9, de protection des donn\u00e9es ainsi que l\u2019avis de confidentialit\u00e9 Web et d\u00e9crit la fa\u00e7on dont nous recueillons, [&#8230;]<\/p>\n<p><a class=\"btn btn-secondary understrap-read-more-link\" href=\"https:\/\/blackip360.com\/fr\/politique-de-confidentialite\/\">Read More&#8230;<span class=\"screen-reader-text\"> from Politique de confidentialit\u00e9<\/span><\/a><\/p>\n","protected":false},"author":1,"featured_media":0,"parent":0,"menu_order":0,"comment_status":"closed","ping_status":"open","template":"","meta":{"_acf_changed":false,"content-type":"","footnotes":""},"class_list":["post-3","page","type-page","status-publish","hentry"],"acf":[],"aioseo_notices":[],"_links":{"self":[{"href":"https:\/\/blackip360.com\/fr\/wp-json\/wp\/v2\/pages\/3","targetHints":{"allow":["GET"]}}],"collection":[{"href":"https:\/\/blackip360.com\/fr\/wp-json\/wp\/v2\/pages"}],"about":[{"href":"https:\/\/blackip360.com\/fr\/wp-json\/wp\/v2\/types\/page"}],"author":[{"embeddable":true,"href":"https:\/\/blackip360.com\/fr\/wp-json\/wp\/v2\/users\/1"}],"replies":[{"embeddable":true,"href":"https:\/\/blackip360.com\/fr\/wp-json\/wp\/v2\/comments?post=3"}],"version-history":[{"count":12,"href":"https:\/\/blackip360.com\/fr\/wp-json\/wp\/v2\/pages\/3\/revisions"}],"predecessor-version":[{"id":240,"href":"https:\/\/blackip360.com\/fr\/wp-json\/wp\/v2\/pages\/3\/revisions\/240"}],"wp:attachment":[{"href":"https:\/\/blackip360.com\/fr\/wp-json\/wp\/v2\/media?parent=3"}],"curies":[{"name":"wp","href":"https:\/\/api.w.org\/{rel}","templated":true}]}}