{"id":244,"date":"2024-04-08T10:42:00","date_gmt":"2024-04-08T14:42:00","guid":{"rendered":"http:\/\/blackip360.com\/?page_id=244"},"modified":"2024-08-29T12:21:06","modified_gmt":"2024-08-29T16:21:06","slug":"zone-client","status":"publish","type":"page","link":"https:\/\/blackip360.com\/fr\/zone-client\/","title":{"rendered":"Zone client"},"content":{"rendered":"\n<h4 class=\"wp-block-heading has-text-align-center\">T\u00e9l\u00e9chargez notre client de t\u00e9l\u00e9 support afin que nous puissions vous aider \u00e0 distance ou t\u00e9l\u00e9chargez la version compl\u00e8te du logiciel pour un meilleur support.<\/h4>\n\n\n\n<div style=\"height:40px\" aria-hidden=\"true\" class=\"wp-block-spacer\"><\/div>\n\n\n\n<div class=\"wp-block-columns is-layout-flex wp-container-core-columns-is-layout-1 wp-block-columns-is-layout-flex\">\n<div class=\"wp-block-column is-layout-flow wp-block-column-is-layout-flow\">\n<div class=\"wp-block-buttons is-content-justification-center is-layout-flex wp-container-core-buttons-is-layout-1 wp-block-buttons-is-layout-flex\">\n<div class=\"wp-block-button\"><a class=\"wp-block-button__link has-white-color has-text-color has-background has-link-color wp-element-button\" href=\"\/download.php?action=full\" style=\"background-color:#293af2\"><i class=\"fa fa-windows\" style=\"padding-right: 10px;\"><\/i>TeamViewer Version compl\u00e8te<\/a><\/div>\n<\/div>\n<\/div>\n\n\n\n<div class=\"wp-block-column is-layout-flow wp-block-column-is-layout-flow\">\n<div class=\"wp-block-buttons is-content-justification-center is-layout-flex wp-container-core-buttons-is-layout-2 wp-block-buttons-is-layout-flex\">\n<div class=\"wp-block-button\"><a class=\"wp-block-button__link has-white-color has-text-color has-background has-link-color wp-element-button\" href=\"\/download.php?action=client\" style=\"background-color:#293af2\"><i class=\"fa fa-windows\" style=\"padding-right: 10px;\"><\/i>TeamViewer Client Rapide<\/a><\/div>\n<\/div>\n<\/div>\n<\/div>\n","protected":false},"excerpt":{"rendered":"<p>T\u00e9l\u00e9chargez notre client de t\u00e9l\u00e9 support afin que nous puissions vous aider \u00e0 distance ou t\u00e9l\u00e9chargez la version compl\u00e8te du logiciel pour un meilleur support. [&#8230;]<\/p>\n<p><a class=\"btn btn-secondary understrap-read-more-link\" href=\"https:\/\/blackip360.com\/fr\/zone-client\/\">Read More&#8230;<span class=\"screen-reader-text\"> from Zone client<\/span><\/a><\/p>\n","protected":false},"author":1,"featured_media":0,"parent":0,"menu_order":0,"comment_status":"closed","ping_status":"closed","template":"","meta":{"_acf_changed":false,"content-type":"","footnotes":""},"class_list":["post-244","page","type-page","status-publish","hentry"],"acf":[],"aioseo_notices":[],"_links":{"self":[{"href":"https:\/\/blackip360.com\/fr\/wp-json\/wp\/v2\/pages\/244","targetHints":{"allow":["GET"]}}],"collection":[{"href":"https:\/\/blackip360.com\/fr\/wp-json\/wp\/v2\/pages"}],"about":[{"href":"https:\/\/blackip360.com\/fr\/wp-json\/wp\/v2\/types\/page"}],"author":[{"embeddable":true,"href":"https:\/\/blackip360.com\/fr\/wp-json\/wp\/v2\/users\/1"}],"replies":[{"embeddable":true,"href":"https:\/\/blackip360.com\/fr\/wp-json\/wp\/v2\/comments?post=244"}],"version-history":[{"count":39,"href":"https:\/\/blackip360.com\/fr\/wp-json\/wp\/v2\/pages\/244\/revisions"}],"predecessor-version":[{"id":319,"href":"https:\/\/blackip360.com\/fr\/wp-json\/wp\/v2\/pages\/244\/revisions\/319"}],"wp:attachment":[{"href":"https:\/\/blackip360.com\/fr\/wp-json\/wp\/v2\/media?parent=244"}],"curies":[{"name":"wp","href":"https:\/\/api.w.org\/{rel}","templated":true}]}}